{"id":2,"date":"2017-11-24T10:53:41","date_gmt":"2017-11-24T08:53:41","guid":{"rendered":"http:\/\/virtuellerserver.eu\/?page_id=2"},"modified":"2019-08-28T09:57:55","modified_gmt":"2019-08-28T06:57:55","slug":"esimerkkisivu","status":"publish","type":"page","link":"https:\/\/rojaniemi.com\/?page_id=2","title":{"rendered":"Ansioluettelo"},"content":{"rendered":"<p>Yritt\u00e4j\u00e4n\u00e4: R Ojaniemi Automation Tmi Helmikuusta 2018 alkaen<\/p>\n<p>Automation Engineer: Finkomec Oy Lokakuu 2013 \u2013 Helmikuu 2018 (4 v 5 kk)<\/p>\n<p>Automation Engineer: Amitec Oy (Done Logistics Oy) Kes\u00e4kuu 2013 \u2013 Lokakuu 2013<\/p>\n<p>Automation Engineer: Done Logistics Oy Tammikuu 2000 \u2013 Kes\u00e4kuu 2013 (13 v 6 kk)<\/p>\n<p>Automation Engineer: Fidaco Logistics Oy Toukokuu 1994 \u2013 Tammikuu 2000 (5 v 9 kk)<\/p>\n<p>Automation Engineer: Esko Salo KY Lokakuu 1981 \u2013 Toukokuu 1994 (12 v 8 kk)<\/p>\n<p><img loading=\"lazy\" decoding=\"async\" class=\"alignnone size-medium wp-image-37\" src=\"https:\/\/rojaniemi.com\/wp-content\/uploads\/2018\/05\/A_Esko-Salo-300x242.jpg\" alt=\"\" width=\"300\" height=\"242\" srcset=\"https:\/\/rojaniemi.com\/wp-content\/uploads\/2018\/05\/A_Esko-Salo-300x242.jpg 300w, https:\/\/rojaniemi.com\/wp-content\/uploads\/2018\/05\/A_Esko-Salo.jpg 330w\" sizes=\"auto, (max-width: 300px) 100vw, 300px\" \/>\u00a0<img loading=\"lazy\" decoding=\"async\" class=\"alignnone size-medium wp-image-40\" style=\"font-size: 1rem;\" src=\"https:\/\/rojaniemi.com\/wp-content\/uploads\/2018\/05\/done1-300x80.jpg\" alt=\"\" width=\"300\" height=\"80\" srcset=\"https:\/\/rojaniemi.com\/wp-content\/uploads\/2018\/05\/done1-300x80.jpg 300w, https:\/\/rojaniemi.com\/wp-content\/uploads\/2018\/05\/done1.jpg 357w\" sizes=\"auto, (max-width: 300px) 100vw, 300px\" \/><span style=\"font-size: 1rem;\">\u00a0<\/span><img loading=\"lazy\" decoding=\"async\" class=\"alignnone size-full wp-image-41\" style=\"font-size: 1rem;\" src=\"https:\/\/rojaniemi.com\/wp-content\/uploads\/2018\/05\/Finkomec.jpg\" alt=\"\" width=\"73\" height=\"73\" \/><\/p>\n","protected":false},"excerpt":{"rendered":"<p>Yritt\u00e4j\u00e4n\u00e4: R Ojaniemi Automation Tmi Helmikuusta 2018 alkaen Automation Engineer: Finkomec Oy Lokakuu 2013 \u2013 Helmikuu 2018 (4 v 5 kk) Automation Engineer: Amitec Oy (Done Logistics Oy) Kes\u00e4kuu 2013 \u2013 Lokakuu 2013 Automation Engineer: Done Logistics Oy Tammikuu 2000 \u2013 Kes\u00e4kuu 2013 (13 v 6 kk) Automation Engineer: Fidaco Logistics Oy Toukokuu 1994 \u2013 &hellip; <\/p>\n<p class=\"link-more\"><a href=\"https:\/\/rojaniemi.com\/?page_id=2\" class=\"more-link\">Jatka lukemista<span class=\"screen-reader-text\"> &#8221;Ansioluettelo&#8221;<\/span><\/a><\/p>\n","protected":false},"author":1,"featured_media":0,"parent":0,"menu_order":0,"comment_status":"closed","ping_status":"open","template":"","meta":{"footnotes":""},"class_list":["post-2","page","type-page","status-publish","hentry"],"_links":{"self":[{"href":"https:\/\/rojaniemi.com\/index.php?rest_route=\/wp\/v2\/pages\/2","targetHints":{"allow":["GET"]}}],"collection":[{"href":"https:\/\/rojaniemi.com\/index.php?rest_route=\/wp\/v2\/pages"}],"about":[{"href":"https:\/\/rojaniemi.com\/index.php?rest_route=\/wp\/v2\/types\/page"}],"author":[{"embeddable":true,"href":"https:\/\/rojaniemi.com\/index.php?rest_route=\/wp\/v2\/users\/1"}],"replies":[{"embeddable":true,"href":"https:\/\/rojaniemi.com\/index.php?rest_route=%2Fwp%2Fv2%2Fcomments&post=2"}],"version-history":[{"count":2,"href":"https:\/\/rojaniemi.com\/index.php?rest_route=\/wp\/v2\/pages\/2\/revisions"}],"predecessor-version":[{"id":190,"href":"https:\/\/rojaniemi.com\/index.php?rest_route=\/wp\/v2\/pages\/2\/revisions\/190"}],"wp:attachment":[{"href":"https:\/\/rojaniemi.com\/index.php?rest_route=%2Fwp%2Fv2%2Fmedia&parent=2"}],"curies":[{"name":"wp","href":"https:\/\/api.w.org\/{rel}","templated":true}]}}